{"id":2336,"date":"2019-06-22T02:32:02","date_gmt":"2019-06-22T02:32:02","guid":{"rendered":"https:\/\/demoapus2.com\/edumy\/?page_id=2336"},"modified":"2023-07-28T22:11:30","modified_gmt":"2023-07-28T22:11:30","slug":"about-us","status":"publish","type":"page","link":"https:\/\/cmibm.net\/index.php\/about-us\/","title":{"rendered":"About Us"},"content":{"rendered":"\t\t<div data-elementor-type=\"wp-post\" data-elementor-id=\"2336\" class=\"elementor elementor-2336\">\n\t\t\t\t\t\t\t\t\t<section class=\"elementor-section elementor-top-section elementor-element elementor-element-51b5fb0 elementor-section-stretched elementor-section-boxed elementor-section-height-default elementor-section-height-default\" data-id=\"51b5fb0\" data-element_type=\"section\" data-settings=\"{&quot;stretch_section&quot;:&quot;section-stretched&quot;}\">\n\t\t\t\t\t\t<div class=\"elementor-container elementor-column-gap-extended\">\n\t\t\t\t\t<div class=\"elementor-column elementor-col-50 elementor-top-column elementor-element elementor-element-371e747\" data-id=\"371e747\" data-element_type=\"column\">\n\t\t\t<div class=\"elementor-widget-wrap elementor-element-populated\">\n\t\t\t\t\t\t\t\t<div class=\"elementor-element elementor-element-9846b30 elementor-widget elementor-widget-edumy_heading\" data-id=\"9846b30\" data-element_type=\"widget\" data-widget_type=\"edumy_heading.default\">\n\t\t\t\t<div class=\"elementor-widget-container\">\n\t\t\t<h2 class=\"edumy-heading-title edumy-size-default\">\"Implantolog\u00eda, vanguardia de la odontolog\u00eda moderna\"<\/h2>\t\t<\/div>\n\t\t\t\t<\/div>\n\t\t\t\t<div class=\"elementor-element elementor-element-fc4ba74 elementor-widget elementor-widget-edumy_heading\" data-id=\"fc4ba74\" data-element_type=\"widget\" data-widget_type=\"edumy_heading.default\">\n\t\t\t\t<div class=\"elementor-widget-container\">\n\t\t\t<div class=\"edumy-heading-title edumy-size-default\">\u00c9sta p\u00e1gina se actualiza constantemente para llevarte la informaci\u00f3n que se va generando en el colegio y sus filiales. Ent\u00e9rate de los cursos, diplomados, mesas cl\u00ednicas relacionados con nosotros y con las diferentes casas comerciales que nos apoyan.<\/div>\t\t<\/div>\n\t\t\t\t<\/div>\n\t\t\t\t<div class=\"elementor-element elementor-element-2ee4cc3 elementor-widget elementor-widget-edumy_heading\" data-id=\"2ee4cc3\" data-element_type=\"widget\" data-widget_type=\"edumy_heading.default\">\n\t\t\t\t<div class=\"elementor-widget-container\">\n\t\t\t<div class=\"edumy-heading-title edumy-size-default\">El Colegio Mexicano de Implantolog\u00eda Bucal y Maxilofacial, A.C. (CMIBM), tiene como meta trabajar para que la Implantolog\u00eda en M\u00e9xico se encuentre a la vanguardia de la Odontolo g\u00eda moderna.<\/div>\t\t<\/div>\n\t\t\t\t<\/div>\n\t\t\t\t\t<\/div>\n\t\t<\/div>\n\t\t\t\t<div class=\"elementor-column elementor-col-50 elementor-top-column elementor-element elementor-element-e4753a5\" data-id=\"e4753a5\" data-element_type=\"column\">\n\t\t\t<div class=\"elementor-widget-wrap elementor-element-populated\">\n\t\t\t\t\t\t\t\t<div class=\"elementor-element elementor-element-04a8da7 elementor-widget elementor-widget-image\" data-id=\"04a8da7\" data-element_type=\"widget\" data-widget_type=\"image.default\">\n\t\t\t\t<div class=\"elementor-widget-container\">\n\t\t\t<style>\/*! elementor - v3.14.0 - 26-06-2023 *\/\n.elementor-widget-image{text-align:center}.elementor-widget-image a{display:inline-block}.elementor-widget-image a img[src$=\".svg\"]{width:48px}.elementor-widget-image img{vertical-align:middle;display:inline-block}<\/style>\t\t\t\t\t\t\t\t\t\t\t\t<img decoding=\"async\" src=\"https:\/\/cmibm.net\/wp-content\/uploads\/elementor\/thumbs\/mesa-directiva-qa3jfatdp6b4lh5p5p502vo1e772xo5gau0sj1ezty.jpg\" title=\"mesa-directiva\" alt=\"mesa-directiva\" loading=\"lazy\" \/>\t\t\t\t\t\t\t\t\t\t\t\t\t\t\t<\/div>\n\t\t\t\t<\/div>\n\t\t\t\t\t<\/div>\n\t\t<\/div>\n\t\t\t\t\t\t\t<\/div>\n\t\t<\/section>\n\t\t\t\t<section class=\"elementor-section elementor-top-section elementor-element elementor-element-6a45798 elementor-section-stretched elementor-section-boxed elementor-section-height-default elementor-section-height-default\" data-id=\"6a45798\" data-element_type=\"section\" data-settings=\"{&quot;stretch_section&quot;:&quot;section-stretched&quot;}\">\n\t\t\t\t\t\t<div class=\"elementor-container elementor-column-gap-extended\">\n\t\t\t\t\t<div class=\"elementor-column elementor-col-50 elementor-top-column elementor-element elementor-element-2ab563c\" data-id=\"2ab563c\" data-element_type=\"column\">\n\t\t\t<div class=\"elementor-widget-wrap elementor-element-populated\">\n\t\t\t\t\t\t\t\t<div class=\"elementor-element elementor-element-6250e90 elementor-widget elementor-widget-edumy_heading\" data-id=\"6250e90\" data-element_type=\"widget\" data-widget_type=\"edumy_heading.default\">\n\t\t\t\t<div class=\"elementor-widget-container\">\n\t\t\t<h2 class=\"edumy-heading-title edumy-size-default\">Who We Are<\/h2>\t\t<\/div>\n\t\t\t\t<\/div>\n\t\t\t\t<div class=\"elementor-element elementor-element-23ce8cb elementor-widget elementor-widget-text-editor\" data-id=\"23ce8cb\" data-element_type=\"widget\" data-widget_type=\"text-editor.default\">\n\t\t\t\t<div class=\"elementor-widget-container\">\n\t\t\t<style>\/*! elementor - v3.14.0 - 26-06-2023 *\/\n.elementor-widget-text-editor.elementor-drop-cap-view-stacked .elementor-drop-cap{background-color:#69727d;color:#fff}.elementor-widget-text-editor.elementor-drop-cap-view-framed .elementor-drop-cap{color:#69727d;border:3px solid;background-color:transparent}.elementor-widget-text-editor:not(.elementor-drop-cap-view-default) .elementor-drop-cap{margin-top:8px}.elementor-widget-text-editor:not(.elementor-drop-cap-view-default) .elementor-drop-cap-letter{width:1em;height:1em}.elementor-widget-text-editor .elementor-drop-cap{float:left;text-align:center;line-height:1;font-size:50px}.elementor-widget-text-editor .elementor-drop-cap-letter{display:inline-block}<\/style>\t\t\t\tSed ut perspiciatis unde omnis iste natus error sit voluptatem accusantium laudantium, totam rem aperiam, eaque ipsa quae ab illo inventore veritatis,et quasi architecto beatae vitae dicta sunt explicabo.\t\t\t\t\t\t<\/div>\n\t\t\t\t<\/div>\n\t\t\t\t<div class=\"elementor-element elementor-element-6434f05 elementor-widget elementor-widget-text-editor\" data-id=\"6434f05\" data-element_type=\"widget\" data-widget_type=\"text-editor.default\">\n\t\t\t\t<div class=\"elementor-widget-container\">\n\t\t\t\t\t\t\tNemo enim ipsam,voluptatem quia voluptas sit aspernatur aut odit aut fugit, sed quia,consequuntur magni dolores eos qui ratione voluptatem sequi nesciunt.,Neque porro quisquam est, qui dolorem ipsum quia dolor sit amet, adipisci velit, sed quia non numquam eius modi tempora\t\t\t\t\t\t<\/div>\n\t\t\t\t<\/div>\n\t\t\t\t\t<\/div>\n\t\t<\/div>\n\t\t\t\t<div class=\"elementor-column elementor-col-50 elementor-top-column elementor-element elementor-element-0a96a4a\" data-id=\"0a96a4a\" data-element_type=\"column\">\n\t\t\t<div class=\"elementor-widget-wrap elementor-element-populated\">\n\t\t\t\t\t\t\t\t<div class=\"elementor-element elementor-element-424dd1c elementor-widget elementor-widget-edumy_heading\" data-id=\"424dd1c\" data-element_type=\"widget\" data-widget_type=\"edumy_heading.default\">\n\t\t\t\t<div class=\"elementor-widget-container\">\n\t\t\t<h2 class=\"edumy-heading-title edumy-size-default\">What We Do<\/h2>\t\t<\/div>\n\t\t\t\t<\/div>\n\t\t\t\t<div class=\"elementor-element elementor-element-d2db3b3 elementor-widget elementor-widget-text-editor\" data-id=\"d2db3b3\" data-element_type=\"widget\" data-widget_type=\"text-editor.default\">\n\t\t\t\t<div class=\"elementor-widget-container\">\n\t\t\t\t\t\t\tSed ut perspiciatis unde omnis iste natus error sit voluptatem accusantium laudantium, totam rem aperiam, eaque ipsa quae ab illo inventore veritatis,et quasi architecto beatae vitae dicta sunt explicabo.\t\t\t\t\t\t<\/div>\n\t\t\t\t<\/div>\n\t\t\t\t<div class=\"elementor-element elementor-element-85d57a2 elementor-widget elementor-widget-text-editor\" data-id=\"85d57a2\" data-element_type=\"widget\" data-widget_type=\"text-editor.default\">\n\t\t\t\t<div class=\"elementor-widget-container\">\n\t\t\t\t\t\t\tNemo enim ipsam,voluptatem quia voluptas sit aspernatur aut odit aut fugit, sed quia,consequuntur magni dolores eos qui ratione voluptatem sequi nesciunt.,Neque porro quisquam est, qui dolorem ipsum quia dolor sit amet, adipisci velit, sed quia non numquam eius modi tempora\t\t\t\t\t\t<\/div>\n\t\t\t\t<\/div>\n\t\t\t\t\t<\/div>\n\t\t<\/div>\n\t\t\t\t\t\t\t<\/div>\n\t\t<\/section>\n\t\t\t\t<section class=\"elementor-section elementor-top-section elementor-element elementor-element-9c5aa43 elementor-section-stretched elementor-section-boxed elementor-section-height-default elementor-section-height-default\" data-id=\"9c5aa43\" data-element_type=\"section\" data-settings=\"{&quot;stretch_section&quot;:&quot;section-stretched&quot;}\">\n\t\t\t\t\t\t<div class=\"elementor-container elementor-column-gap-extended\">\n\t\t\t\t\t<div class=\"elementor-column elementor-col-100 elementor-top-column elementor-element elementor-element-1d0fdb6\" data-id=\"1d0fdb6\" data-element_type=\"column\">\n\t\t\t<div class=\"elementor-widget-wrap elementor-element-populated\">\n\t\t\t\t\t\t\t\t<div class=\"elementor-element elementor-element-bf3df6f elementor-widget elementor-widget-edumy_heading\" data-id=\"bf3df6f\" data-element_type=\"widget\" data-widget_type=\"edumy_heading.default\">\n\t\t\t\t<div class=\"elementor-widget-container\">\n\t\t\t<h2 class=\"edumy-heading-title edumy-size-default\">Popular Instructors<\/h2>\t\t<\/div>\n\t\t\t\t<\/div>\n\t\t\t\t\t<\/div>\n\t\t<\/div>\n\t\t\t\t\t\t\t<\/div>\n\t\t<\/section>\n\t\t\t\t\t\t\t<\/div>\n\t\t","protected":false},"excerpt":{"rendered":"<p>&#8220;Implantolog\u00eda, vanguardia de la odontolog\u00eda moderna&#8221; \u00c9sta p\u00e1gina se actualiza constantemente para llevarte la informaci\u00f3n que se va generando en el colegio y sus filiales. Ent\u00e9rate de los cursos, diplomados, mesas cl\u00ednicas relacionados con nosotros y con las diferentes casas comerciales que nos apoyan. El Colegio Mexicano de Implantolog\u00eda Bucal y Maxilofacial, A.C. (CMIBM), tiene &hellip; <br \/><a href=\"https:\/\/cmibm.net\/index.php\/about-us\/\" class=\"more-link\">Continue reading <span class=\"screen-reader-text\">About Us<\/span><\/a><\/p>\n","protected":false},"author":1,"featured_media":0,"parent":0,"menu_order":0,"comment_status":"closed","ping_status":"closed","template":"","meta":{"_monsterinsights_skip_tracking":false,"_monsterinsights_sitenote_active":false,"_monsterinsights_sitenote_note":"","_monsterinsights_sitenote_category":0},"aioseo_notices":[],"_links":{"self":[{"href":"https:\/\/cmibm.net\/index.php\/wp-json\/wp\/v2\/pages\/2336"}],"collection":[{"href":"https:\/\/cmibm.net\/index.php\/wp-json\/wp\/v2\/pages"}],"about":[{"href":"https:\/\/cmibm.net\/index.php\/wp-json\/wp\/v2\/types\/page"}],"author":[{"embeddable":true,"href":"https:\/\/cmibm.net\/index.php\/wp-json\/wp\/v2\/users\/1"}],"replies":[{"embeddable":true,"href":"https:\/\/cmibm.net\/index.php\/wp-json\/wp\/v2\/comments?post=2336"}],"version-history":[{"count":4,"href":"https:\/\/cmibm.net\/index.php\/wp-json\/wp\/v2\/pages\/2336\/revisions"}],"predecessor-version":[{"id":4153,"href":"https:\/\/cmibm.net\/index.php\/wp-json\/wp\/v2\/pages\/2336\/revisions\/4153"}],"wp:attachment":[{"href":"https:\/\/cmibm.net\/index.php\/wp-json\/wp\/v2\/media?parent=2336"}],"curies":[{"name":"wp","href":"https:\/\/api.w.org\/{rel}","templated":true}]}}